{"id":1523,"date":"2020-10-09T16:34:27","date_gmt":"2020-10-09T14:34:27","guid":{"rendered":"https:\/\/xn--mhroboter-installation-04b.de\/?page_id=1523"},"modified":"2026-03-09T11:41:28","modified_gmt":"2026-03-09T10:41:28","slug":"maehroboter-test-beratung","status":"publish","type":"page","link":"https:\/\/www.xn--mhroboter-installation-04b.de\/de_at\/maehroboter-test-beratung\/","title":{"rendered":"M\u00e4hroboter-Test-Beratung"},"content":{"rendered":"<div data-elementor-type=\"wp-page\" data-elementor-id=\"1523\" class=\"elementor elementor-1523\" data-elementor-post-type=\"page\">\n\t\t\t\t\t\t<section class=\"elementor-section elementor-top-section elementor-element elementor-element-6bdedb3 elementor-section-boxed elementor-section-height-default elementor-section-height-default\" data-id=\"6bdedb3\" data-element_type=\"section\" data-settings=\"{&quot;background_background&quot;:&quot;classic&quot;}\">\n\t\t\t\t\t\t<div class=\"elementor-container elementor-column-gap-default\">\n\t\t\t\t\t<div class=\"elementor-column elementor-col-100 elementor-top-column elementor-element elementor-element-be7520a\" data-id=\"be7520a\" data-element_type=\"column\">\n\t\t\t<div class=\"elementor-widget-wrap elementor-element-populated\">\n\t\t\t\t\t\t<div class=\"elementor-element elementor-element-e90a3a7 elementor-widget elementor-widget-heading\" data-id=\"e90a3a7\" data-element_type=\"widget\" data-widget_type=\"heading.default\">\n\t\t\t\t\t<h2 class=\"elementor-heading-title elementor-size-default\">M\u00e4hroboter Test- &amp; Beratungsseite <\/h2>\t\t\t\t<\/div>\n\t\t\t\t\t<\/div>\n\t\t<\/div>\n\t\t\t\t\t<\/div>\n\t\t<\/section>\n\t\t\t\t<section class=\"elementor-section elementor-top-section elementor-element elementor-element-c3b59d4 elementor-section-boxed elementor-section-height-default elementor-section-height-default\" data-id=\"c3b59d4\" data-element_type=\"section\">\n\t\t\t\t\t\t<div class=\"elementor-container elementor-column-gap-default\">\n\t\t\t\t\t<div class=\"elementor-column elementor-col-100 elementor-top-column elementor-element elementor-element-d7e7830\" data-id=\"d7e7830\" data-element_type=\"column\">\n\t\t\t<div class=\"elementor-widget-wrap elementor-element-populated\">\n\t\t\t\t\t\t<div class=\"elementor-element elementor-element-64bc416 elementor-widget elementor-widget-heading\" data-id=\"64bc416\" data-element_type=\"widget\" data-widget_type=\"heading.default\">\n\t\t\t\t\t<h2 class=\"elementor-heading-title elementor-size-default\">M\u00e4hroboter Beratung - mit uns einfach und schnell...Profitieren Sie von unserer Erfahrung <\/h2>\t\t\t\t<\/div>\n\t\t\t\t\t<\/div>\n\t\t<\/div>\n\t\t\t\t\t<\/div>\n\t\t<\/section>\n\t\t\t\t<section class=\"elementor-section elementor-top-section elementor-element elementor-element-078590b elementor-section-boxed elementor-section-height-default elementor-section-height-default\" data-id=\"078590b\" data-element_type=\"section\">\n\t\t\t\t\t\t<div class=\"elementor-container elementor-column-gap-default\">\n\t\t\t\t\t<div class=\"elementor-column elementor-col-100 elementor-top-column elementor-element elementor-element-710d3bd\" data-id=\"710d3bd\" data-element_type=\"column\">\n\t\t\t<div class=\"elementor-widget-wrap elementor-element-populated\">\n\t\t\t\t\t\t<div class=\"elementor-element elementor-element-81ceefe elementor-widget elementor-widget-text-editor\" data-id=\"81ceefe\" data-element_type=\"widget\" data-widget_type=\"text-editor.default\">\n\t\t\t\t\t\t\t\t\t<h3><span style=\"font-size: 1rem;\">Welcher M\u00e4hroboter ist der richtige f\u00fcr Sie? Unsere j\u00e4hrlichen M\u00e4hroboter Tests basieren auf mehrere tausend Installationen der erh\u00e4ltlichen M\u00e4hroboter. Mit unserer Praxiserfahrung haben wir f\u00fcr Sie eine Vorauswahl getroffen. Die Bewertungskriterien sind neben dem M\u00e4hergebnis, die Benutzerfreundlichkeit, welche L\u00f6sungen bieten die M\u00e4hroboter f\u00fcr die Praxis an (enge Passagen etc.) und letztlich, wie zufrieden sind die Kunden mit den M\u00e4hrobotern.&nbsp;<\/span><\/h3>\n<p>Im Vergleich zu vielen anderen Anbietern, m\u00f6chten wir keine personenbezogenen Daten von Ihnen erheben, sondern Sie erhalten nach der Beantwortung der&nbsp;<span style=\"font-size: 1rem;\">Fragen direkt ein Ergebnis mit den passenden M\u00e4hrobotern. Eine Sortierung der Ergebnisse nach Modell, Lautst\u00e4rke etc. ist durch einen Klick auf die entsprechende Bezeichnung ebenfalls m\u00f6glich. Die M\u00e4hroboter, die Ihnen angezeigt werden, werden unter anderem auf der Basis der Gartengr\u00f6\u00dfe und den passenden M\u00e4hroboterkapazit\u00e4ten eingegrenzt. Wenn Sie M\u00e4hroboter mit mehr Fl\u00e4chenkapazit\u00e4t angezeigt haben m\u00f6chten, k\u00f6nnen Sie dies \u00fcber die Eingabe der Gartengr\u00f6\u00dfe steuern. bzw. ver\u00e4ndern.&nbsp;<\/span><\/p>\n<p>Kabellose M\u00e4hroboter sind ebenfalls Teil unserer Tests und dementsprechend Teil unserer Vorauswahl f\u00fcr Sie. Aufgrund der Vielzahl neuer Modelle ist es bei den kabellosen M\u00e4hrobotern besonders wichtig auf Expertenmeinungen und Tests zur\u00fcckzugreifen.&nbsp;<\/p>\n<p>Wir helfen Ihnen gerne dabei, den passenden M\u00e4hroboter zu finden.<\/p>\t\t\t\t\t\t\t\t<\/div>\n\t\t\t\t\t<\/div>\n\t\t<\/div>\n\t\t\t\t\t<\/div>\n\t\t<\/section>\n\t\t\t\t<section class=\"elementor-section elementor-top-section elementor-element elementor-element-f237436 elementor-section-height-min-height elementor-section-stretched elementor-section-boxed elementor-section-height-default elementor-section-items-middle\" data-id=\"f237436\" data-element_type=\"section\" data-settings=\"{&quot;background_background&quot;:&quot;classic&quot;,&quot;stretch_section&quot;:&quot;section-stretched&quot;}\">\n\t\t\t\t\t\t<div class=\"elementor-container elementor-column-gap-default\">\n\t\t\t\t\t<div class=\"elementor-column elementor-col-100 elementor-top-column elementor-element elementor-element-baf2041\" data-id=\"baf2041\" data-element_type=\"column\">\n\t\t\t<div class=\"elementor-widget-wrap elementor-element-populated\">\n\t\t\t\t\t\t<div class=\"elementor-element elementor-element-dc16312 elementor-widget elementor-widget-html\" data-id=\"dc16312\" data-element_type=\"widget\" data-widget_type=\"html.default\">\n\t\t\t\t\t<div id=\"maehroboter-wizard-root\"><\/div>\n<script async=\"\" src=\"https:\/\/wizard.xn--mhroboter-installation-04b.de\/static\/js\/bundle.js\"><\/script>\t\t\t\t<\/div>\n\t\t\t\t\t<\/div>\n\t\t<\/div>\n\t\t\t\t\t<\/div>\n\t\t<\/section>\n\t\t\t\t<\/div>","protected":false},"excerpt":{"rendered":"<p>M\u00e4hroboter Test- &amp; Beratungsseite M\u00e4hroboter Beratung &#8211; mit uns einfach und schnell&#8230;Profitieren Sie von unserer Erfahrung Welcher M\u00e4hroboter ist der richtige f\u00fcr Sie? Unsere j\u00e4hrlichen M\u00e4hroboter Tests basieren auf mehrere tausend Installationen der erh\u00e4ltlichen M\u00e4hroboter. Mit unserer Praxiserfahrung haben wir f\u00fcr Sie eine Vorauswahl getroffen. Die Bewertungskriterien sind neben dem M\u00e4hergebnis, die Benutzerfreundlichkeit, welche L\u00f6sungen&hellip;&nbsp;<a href=\"https:\/\/www.xn--mhroboter-installation-04b.de\/de_at\/maehroboter-test-beratung\/\" rel=\"bookmark\">Weiterlesen &amp;raquo;<span class=\"screen-reader-text\">M\u00e4hroboter-Test-Beratung<\/span><\/a><\/p>","protected":false},"author":1,"featured_media":0,"parent":0,"menu_order":0,"comment_status":"closed","ping_status":"closed","template":"page-templates\/template-pagebuilder-full-width.php","meta":{"_acf_changed":false,"neve_meta_sidebar":"full-width","neve_meta_container":"","neve_meta_enable_content_width":"on","neve_meta_content_width":100,"neve_meta_title_alignment":"","neve_meta_author_avatar":"","neve_post_elements_order":"","neve_meta_disable_header":"","neve_meta_disable_footer":"","neve_meta_disable_title":"","footnotes":""},"class_list":["post-1523","page","type-page","status-publish","hentry"],"acf":[],"_links":{"self":[{"href":"https:\/\/www.xn--mhroboter-installation-04b.de\/de_at\/wp-json\/wp\/v2\/pages\/1523","targetHints":{"allow":["GET"]}}],"collection":[{"href":"https:\/\/www.xn--mhroboter-installation-04b.de\/de_at\/wp-json\/wp\/v2\/pages"}],"about":[{"href":"https:\/\/www.xn--mhroboter-installation-04b.de\/de_at\/wp-json\/wp\/v2\/types\/page"}],"author":[{"embeddable":true,"href":"https:\/\/www.xn--mhroboter-installation-04b.de\/de_at\/wp-json\/wp\/v2\/users\/1"}],"replies":[{"embeddable":true,"href":"https:\/\/www.xn--mhroboter-installation-04b.de\/de_at\/wp-json\/wp\/v2\/comments?post=1523"}],"version-history":[{"count":156,"href":"https:\/\/www.xn--mhroboter-installation-04b.de\/de_at\/wp-json\/wp\/v2\/pages\/1523\/revisions"}],"predecessor-version":[{"id":6340,"href":"https:\/\/www.xn--mhroboter-installation-04b.de\/de_at\/wp-json\/wp\/v2\/pages\/1523\/revisions\/6340"}],"wp:attachment":[{"href":"https:\/\/www.xn--mhroboter-installation-04b.de\/de_at\/wp-json\/wp\/v2\/media?parent=1523"}],"curies":[{"name":"wp","href":"https:\/\/api.w.org\/{rel}","templated":true}]}}