{"id":655,"date":"2020-07-26T22:17:56","date_gmt":"2020-07-26T20:17:56","guid":{"rendered":"https:\/\/xn--mhroboter-installation-04b.de\/neuigkeiten\/?page_id=655"},"modified":"2026-02-20T13:31:40","modified_gmt":"2026-02-20T12:31:40","slug":"allgemeine-geschaeftsbedingungen","status":"publish","type":"page","link":"https:\/\/www.xn--mhroboter-installation-04b.de\/de_at\/allgemeine-geschaeftsbedingungen\/","title":{"rendered":"Allgemeine Gesch\u00e4ftsbedingungen"},"content":{"rendered":"<div data-elementor-type=\"wp-page\" data-elementor-id=\"655\" class=\"elementor elementor-655\" data-elementor-post-type=\"page\">\n\t\t\t\t\t\t<section class=\"elementor-section elementor-top-section elementor-element elementor-element-6446c84a elementor-section-boxed elementor-section-height-default elementor-section-height-default\" data-id=\"6446c84a\" data-element_type=\"section\">\n\t\t\t\t\t\t<div class=\"elementor-container elementor-column-gap-default\">\n\t\t\t\t\t<div class=\"elementor-column elementor-col-100 elementor-top-column elementor-element elementor-element-47ba8edd\" data-id=\"47ba8edd\" data-element_type=\"column\">\n\t\t\t<div class=\"elementor-widget-wrap elementor-element-populated\">\n\t\t\t\t\t\t<div class=\"elementor-element elementor-element-7368aa4 elementor-widget elementor-widget-text-editor\" data-id=\"7368aa4\" data-element_type=\"widget\" data-widget_type=\"text-editor.default\">\n\t\t\t\t\t\t\t\t\t<h2>Allgemeine Gesch\u00e4ftsbedingungen: M\u00e4hroboter-Installation.de \u2013 Stand 2021<\/h2><div>\u00a0<\/div><p><span style=\"text-decoration: underline;\">1. Vertragspartner<\/span> <br \/>Vertragspartner ist die Firma M\u00e4hroboter-Installation.de, Lang &amp; Cafisso GbR,<em>\u00a0<\/em><em>Paulinenstr. 27<\/em><br \/><em>71093 Weil im Sch\u00f6nbuch<\/em><\/p><p><span style=\"text-decoration: underline;\">2. Vertragsgegenstand<\/span> <br \/>Vertragsgegenstand ist die Installation eines Roboter- Rasenm\u00e4hers und\/oder eine Beratung vorab.\u00a0<\/p><p><span style=\"text-decoration: underline;\">3. Zustandekommen des Vertrages<\/span> <br \/>Der Vertrag kommt zustande durch Annahme des Angebotes durch den Kunden \u00fcber das Bestellformular bei M\u00e4hroboter-Installation.de oder \u00fcber die Vermittlung durch Partnern (H\u00e4ndler etc.).\u00a0<\/p><p><span style=\"text-decoration: underline;\">4. Leistungen der Lang &amp; Cafisso GbR<\/span><br \/>Die Lang &amp; Cafisso GbR erbringt \u00fcber einen qualifizierten Partner im Rahmen der technischen und betrieblichen M\u00f6glichkeiten die nachstehenden Werkleistungen.\u00a0<br \/>a) Oberirdische oder unterirdische\u00a0<span style=\"font-size: 1rem;\">(Induktionskabel bis 5 cm tiefe)<\/span><span style=\"font-size: 1rem;\">\u00a0<\/span><span style=\"font-size: 1rem;\">Verlegung und Fixierung des Begrenzungsdrahts gegen einen Pauschalpreis.\u00a0<br \/><\/span><span style=\"font-size: 1rem;\">b) Installation und Anschluss der Ladestation.<br \/><\/span><span style=\"font-size: 1rem;\">c) Durchf\u00fchrung der Grundprogrammierung, Testlauf und Einweisung des Kunden.\u00a0<br \/><\/span><span style=\"font-size: 1rem;\">d) Beratung vor Ort gegen einen Pauschalpreis.<br \/><\/span><span style=\"font-size: 1rem;\">e) Die unter Absatz a) und b) aufgef\u00fchrten Leistungen sind mit der Zweckgebundenheit der M\u00e4hroboter verbunden (M\u00e4hen von Rasenfl\u00e4chen) d. h. die Leistungen werden grunds\u00e4tzlich auf Rasenfl\u00e4chen erbracht. Arbeiten an Asphalt, Steinen etc. z. B. Fr\u00e4sen von Fugen, f\u00fcr die Verlegung des Begrenzungsdrahts, k\u00f6nnen angefragt werden und geh\u00f6ren nicht zum Pauschalpreis. Au\u00dferdem behalten wir uns das Recht vor, Zusatzarbeiten &#8211; wie beispielsweise die Einrichtung von Apps, M\u00e4hroboter Garagen oder das Verlegen von zus\u00e4tzlichem Kabel, \u00fcber dem Lieferumfang des M\u00e4hroboter Hersteller hinaus (Material und Zeit) &#8211; zu berechnen.\u00a0<br \/>f) Die Leistungen werden im Rahmen, der zum Zeitpunkt der Installation befindlichen Gartenbeschaffenheit erbracht (Ist-Zustand).<\/span><\/p><p><span style=\"text-decoration: underline;\">5. Pflichten und Obliegenheiten des Kunden.<\/span> <br \/>Der Kunde hat folgende Pflichten:\u00a0<br \/><span style=\"font-size: 1rem;\">5.1 Pr\u00fcfung, ob der M\u00e4hroboter grunds\u00e4tzlich f\u00fcr das Grundst\u00fcck sowie f\u00fcr die eigenen Bed\u00fcrfnisse und Nutzungsrahmen geeignet ist, sofern keine Beratung durch M\u00e4hroboter-Installation.de beauftragt wurde.\u00a0<br \/><\/span><span style=\"font-size: 1rem;\">5.2 Freier Zugang zum Garten bzw. der Erm\u00f6glichung der Installationsarbeiten.<br \/><\/span><span style=\"font-size: 1rem;\">5.3 Beseitigung von Hindernissen sowie s\u00e4mtlichen Einschr\u00e4nkungen, die eine Installation und einen M\u00e4hbetrieb verhindern z. B. Steinen auf der Rasenfl\u00e4che, \u00c4ste etc.\u00a0\u00a0<br \/>5.4 Anwesenheit zum vereinbarten Termin oder die Anwesenheit eines Bevollm\u00e4chtigten.\u00a0<br \/>5.5 Bauseitige (von Seitens des Auftraggebers) Stellung der Netzanschlussdose mit freiem Zugang von au\u00dfen. <br \/>5.6 Unterzeichnung des Abnahme-Installationsprotokolls bei ordnungsgem\u00e4\u00dfer Durchf\u00fchrung der Dienstleistung. Ordnungsm\u00e4\u00dfigkeit wird durch einen Testlauf des M\u00e4hroboters vor Ort nachgewiesen.\u00a0<br \/>5.7 Der Kunde verpflichtet sich s\u00e4mtliche Angaben zur Gr\u00f6\u00dfe und Beschaffenheit des Gartens wahrheitsgem\u00e4\u00df zu t\u00e4tigen. Bei falschen Angaben bez\u00fcglich der Gr\u00f6\u00dfe und Beschaffenheit des Gartens hat der Kunde die entstandenen Kosten in dem Umfang zu erstatten, wie er das Kosten ausl\u00f6sende Ereignis zu vertreten hat. Die Rasenbeschaffenheit und der damit verbundene mangelfreie Betrieb des M\u00e4hroboters liegt in der Verantwortung des Kunden.\u00a0<br \/>5.8 Der Rasen muss am Tag der Installation eine L\u00e4nge von 3-4 cm haben. <br \/>5.9 Bei langanhaltender Trockenheit muss der Rasen vor der Installation gew\u00e4ssert werden, damit die Installation ordnungsgem\u00e4\u00df durchgef\u00fchrt werden kann. Der Rasen muss bei extremer Trockenheit mit Wasser durchzogen sein.\u00a0<br \/>5.10 Generell muss sich der Garten in einem installierbaren Zustand befinden (\u00dcberschwemmung, Matsch, Frost, etc. darf nicht vorhanden sein)<\/span><span style=\"font-size: 1rem;\">\u00a0<\/span><\/p><p><span style=\"font-size: 1rem;\"><span style=\"text-decoration: underline;\">6 Zahlungsbedingungen<\/span> <br \/>6.1 Der pauschale Installations- oder Beratungspreis und sonstige Preise f\u00fcr das zus\u00e4tzlich verwendete Material, sind nach Erbringung der Leistung sofort zu zahlen (\u00a7641 BGB).<br \/>6.2 Eventuell mit dem Installateur vereinbarte Zusatzleistungen sind nicht Bestandteil unseres Vertrages, sondern m\u00fcssen an den Installateur beauftragt und an diesen direkt vor Ort bezahlt werden. <br \/>6.3 Zahlungsverzug Die Geltendmachung gesetzlicher Anspr\u00fcche wegen Zahlungsverzuges bleibt der Lang &amp; Cafisso GbR vorbehalten.\u00a0<\/span><\/p><p><span style=\"font-size: 1rem;\"><span style=\"text-decoration: underline;\">7 Gew\u00e4hrleistung<\/span> <br \/>7.1 Bei fehlerhafter Ausf\u00fchrung der Werkleistungen nach Ziffer 4 &#8211; kann der Kunde von der Lang &amp; Cafisso GbR Nacherf\u00fcllung innerhalb angemessener Frist verlangen. Schl\u00e4gt die Nacherf\u00fcllung fehl, so kann der Kunde R\u00fcckg\u00e4ngigmachung des Vertrages oder Herabsetzung des Preises und, sofern die\u00a0<\/span>Lang &amp; Cafisso GbR<span style=\"font-size: 1rem;\">\u00a0den Mangel zu vertreten hat, Schadensersatz oder Ersatz vergeblicher Aufwendungen verlangen. Diese Gew\u00e4hrleistungsrechte stehen dem Kunden gegen\u00fcber der\u00a0<\/span><span style=\"font-size: 1rem;\">Lang &amp; Cafisso GbR<\/span><span style=\"font-size: 1rem;\">\u00a0zwei Jahre ab Abnahme zu, es sei denn der Kunde ist Unternehmer, dann stehen ihm diese Gew\u00e4hrleistungsrechte nur ein Jahr ab Abnahme zu.<\/span><\/p><p><span style=\"font-size: 1rem;\">7.2 Von der Gew\u00e4hrleistung auszuschlie\u00dfen sind M\u00e4ngel, die nicht auf die Installation des Roboter-Rasenm\u00e4hers zur\u00fcckzuf\u00fchren sind und vor allem die zur\u00fcckzuf\u00fchren sind auf betriebsbedingte Abnutzung und normalen Verschlei\u00df, unsachgem\u00e4\u00dfen Gebrauch, Bedienfehlern und fahrl\u00e4ssigem Verhalten des Kunden, wie beispielsweise das Durchtrennen des Induktionskabels. Ebenfalls von der Gew\u00e4hrleistung auszuschlie\u00dfen sind M\u00e4ngel, die durch die Ver\u00e4nderungen der Gartenbeschaffenheit (Gartenform, Gartengestaltung z. B. neue Blumenbeete etc.) entstanden sind. M\u00e4ngel, die auf die Rasenbeschaffenheit zur\u00fcckzuf\u00fchren sind z. B. lockerer, sandiger, lehmiger Boden etc. sind ebenfalls von der Gew\u00e4hrleistung ausgeschlossen.\u00a0<br \/><\/span><span style=\"font-size: 1rem;\">7.3 F\u00fcr eventuelle, nicht durch die\u00a0<\/span><span style=\"font-size: 1rem;\">Lang &amp; Cafisso GbR in<\/span><span style=\"font-size: 1rem;\">\u00a0Rechnung gestellte Zusatzleistungen \u00fcbernimmt die\u00a0<\/span><span style=\"font-size: 1rem;\">Lang &amp; Cafisso GbR<\/span><span style=\"font-size: 1rem;\">\u00a0keinerlei Haftung\/ Gew\u00e4hrleistung<\/span><\/p><p><span style=\"font-size: 1rem;\">7.4 Voraussetzung f\u00fcr alle Anspr\u00fcche gegen die\u00a0<\/span><span style=\"font-size: 1rem;\">Lang &amp; Cafisso GbR<\/span><span style=\"font-size: 1rem;\">\u00a0ist, dass der Mangel durch die\u00a0<\/span><span style=\"font-size: 1rem;\">Lang &amp; Cafisso GbR<\/span><span style=\"font-size: 1rem;\">\u00a0verursacht wurde und dies durch den Kunden nachgewiesen wird. Gew\u00e4hrleistungsanspr\u00fcche sind nicht \u00fcbertragbar.\u00a0<\/span><\/p><p><span style=\"font-size: 1rem;\"><span style=\"text-decoration: underline;\">8. Haftung<\/span> <br \/>8.1 Bei Vorsatz oder grober Fahrl\u00e4ssigkeit des beauftragten Partners. <br \/>8.2 Die Haftung f\u00fcr alle \u00fcbrigen Sch\u00e4den ist ausgeschlossen, insbesondere f\u00fcr Fehlbedienungen des Roboter-Rasenm\u00e4hers nach der Installation. Die Haftung nach den Vorschriften des Produkthaftungsgesetzes m\u00fcssen gegen\u00fcber dem Hersteller geltend gemacht werden.\u00a0<\/span><\/p><p><span style=\"font-size: 1rem;\"><span style=\"text-decoration: underline;\">9 Sonstige Bedingungen<\/span> <br \/>9.1 Die Lang &amp; Cafisso GbR ist berechtigt, die Leistungen durch Dritte, dies bedeutet z. B. durch Freie-Mitarbeiter zu erbringen.\u00a0<br \/><\/span><span style=\"font-size: 1rem;\">9.2 Gerichtsstand f\u00fcr alle Streitigkeiten aus oder im Zusammenhang mit diesem Vertrag ist Stuttgart, soweit der Kunde Kaufmann, juristische Person des \u00f6ffentlichen Rechts oder ein \u00f6ffentlich-rechtliches Sonderverm\u00f6gen ist. Ein etwaiger ausschlie\u00dflicher Gerichtsstand ist vorrangig. <br \/>9.3 Der Kunde kann die Rechte und Pflichten aus dem jeweiligen Vertrag nur nach vorheriger Zustimmung der Lang &amp; Cafisso GbR auf einen Dritten \u00fcbertragen. <br \/>9.4 F\u00fcr die vertragliche Beziehung der Vertragspartner gilt deutsches Recht<\/span><\/p>\t\t\t\t\t\t\t\t<\/div>\n\t\t\t\t\t<\/div>\n\t\t<\/div>\n\t\t\t\t\t<\/div>\n\t\t<\/section>\n\t\t\t\t<\/div>","protected":false},"excerpt":{"rendered":"<p>Allgemeine Gesch\u00e4ftsbedingungen: M\u00e4hroboter-Installation.de \u2013 Stand 2021 \u00a0 1. Vertragspartner Vertragspartner ist die Firma M\u00e4hroboter-Installation.de, Lang &amp; Cafisso GbR,\u00a0Paulinenstr. 2771093 Weil im Sch\u00f6nbuch 2. Vertragsgegenstand Vertragsgegenstand ist die Installation eines Roboter- Rasenm\u00e4hers und\/oder eine Beratung vorab.\u00a0 3. Zustandekommen des Vertrages Der Vertrag kommt zustande durch Annahme des Angebotes durch den Kunden \u00fcber das Bestellformular bei M\u00e4hroboter-Installation.de&hellip;&nbsp;<a href=\"https:\/\/www.xn--mhroboter-installation-04b.de\/de_at\/allgemeine-geschaeftsbedingungen\/\" rel=\"bookmark\">Weiterlesen &amp;raquo;<span class=\"screen-reader-text\">Allgemeine Gesch\u00e4ftsbedingungen<\/span><\/a><\/p>","protected":false},"author":1,"featured_media":0,"parent":0,"menu_order":0,"comment_status":"closed","ping_status":"closed","template":"","meta":{"_acf_changed":false,"neve_meta_sidebar":"full-width","neve_meta_container":"","neve_meta_enable_content_width":"on","neve_meta_content_width":100,"neve_meta_title_alignment":"","neve_meta_author_avatar":"","neve_post_elements_order":"","neve_meta_disable_header":"","neve_meta_disable_footer":"","neve_meta_disable_title":"","footnotes":""},"class_list":["post-655","page","type-page","status-publish","hentry"],"acf":[],"_links":{"self":[{"href":"https:\/\/www.xn--mhroboter-installation-04b.de\/de_at\/wp-json\/wp\/v2\/pages\/655","targetHints":{"allow":["GET"]}}],"collection":[{"href":"https:\/\/www.xn--mhroboter-installation-04b.de\/de_at\/wp-json\/wp\/v2\/pages"}],"about":[{"href":"https:\/\/www.xn--mhroboter-installation-04b.de\/de_at\/wp-json\/wp\/v2\/types\/page"}],"author":[{"embeddable":true,"href":"https:\/\/www.xn--mhroboter-installation-04b.de\/de_at\/wp-json\/wp\/v2\/users\/1"}],"replies":[{"embeddable":true,"href":"https:\/\/www.xn--mhroboter-installation-04b.de\/de_at\/wp-json\/wp\/v2\/comments?post=655"}],"version-history":[{"count":39,"href":"https:\/\/www.xn--mhroboter-installation-04b.de\/de_at\/wp-json\/wp\/v2\/pages\/655\/revisions"}],"predecessor-version":[{"id":6082,"href":"https:\/\/www.xn--mhroboter-installation-04b.de\/de_at\/wp-json\/wp\/v2\/pages\/655\/revisions\/6082"}],"wp:attachment":[{"href":"https:\/\/www.xn--mhroboter-installation-04b.de\/de_at\/wp-json\/wp\/v2\/media?parent=655"}],"curies":[{"name":"wp","href":"https:\/\/api.w.org\/{rel}","templated":true}]}}