{"id":660,"date":"2020-07-26T22:22:04","date_gmt":"2020-07-26T20:22:04","guid":{"rendered":"https:\/\/xn--mhroboter-installation-04b.de\/neuigkeiten\/?page_id=660"},"modified":"2026-02-20T16:19:11","modified_gmt":"2026-02-20T15:19:11","slug":"impressum","status":"publish","type":"page","link":"https:\/\/www.xn--mhroboter-installation-04b.de\/de_ch\/impressum\/","title":{"rendered":"Impressum"},"content":{"rendered":"<div data-elementor-type=\"wp-page\" data-elementor-id=\"660\" class=\"elementor elementor-660\" data-elementor-post-type=\"page\">\n\t\t\t\t\t\t<section class=\"elementor-section elementor-top-section elementor-element elementor-element-6f8f3a44 elementor-section-boxed elementor-section-height-default elementor-section-height-default\" data-id=\"6f8f3a44\" data-element_type=\"section\">\n\t\t\t\t\t\t<div class=\"elementor-container elementor-column-gap-default\">\n\t\t\t\t\t<div class=\"elementor-column elementor-col-100 elementor-top-column elementor-element elementor-element-54324018\" data-id=\"54324018\" data-element_type=\"column\">\n\t\t\t<div class=\"elementor-widget-wrap elementor-element-populated\">\n\t\t\t\t\t\t<div class=\"elementor-element elementor-element-4589aec3 elementor-widget elementor-widget-text-editor\" data-id=\"4589aec3\" data-element_type=\"widget\" data-widget_type=\"text-editor.default\">\n\t\t\t\t\t\t\t\t\t<p>Angaben gem\u00e4\u00df \u00a7 5 Telemediengesetz (TMG):<\/p><p>M\u00e4hroboter-Installation.de\u00a0<br \/>Lang &amp; Cafisso GbR<br \/>Paulinenstr. 27<br \/>71093 Weil im Sch\u00f6nbuch<br \/>Deutschland<\/p><p><span style=\"font-size: 1rem;\">E-Mail: kontakt@maehroboter-installation.de\u00a0<br \/>Telefon: +49<\/span>71118429320<br \/><br \/>Steuernummer: 56077\/19703<\/p><p>Verantwortlicher f\u00fcr den Inhalt ist gem\u00e4\u00df \u00a7 55 Abs. 2 <br \/>Rundfunkstaatsvertrag (RStV):<\/p><p>Erwin Lang<br \/>Paulinenstr. 27<br \/><span style=\"font-size: 1rem;\">71093 Weil im Sch\u00f6nbuch<br \/><\/span><span style=\"font-size: 1rem;\">Deutschland<\/span><\/p><p>Gesellschafter: Erwin Lang und Daniele Cafisso<\/p><p>UST-IdNr.: DE328245151<\/p>\t\t\t\t\t\t\t\t<\/div>\n\t\t\t\t\t<\/div>\n\t\t<\/div>\n\t\t\t\t\t<\/div>\n\t\t<\/section>\n\t\t\t\t<\/div>","protected":false},"excerpt":{"rendered":"<p>Angaben gem\u00e4\u00df \u00a7 5 Telemediengesetz (TMG): M\u00e4hroboter-Installation.de\u00a0Lang &amp; Cafisso GbRPaulinenstr. 2771093 Weil im Sch\u00f6nbuchDeutschland E-Mail: kontakt@maehroboter-installation.de\u00a0Telefon: +4971118429320 Steuernummer: 56077\/19703 Verantwortlicher f\u00fcr den Inhalt ist gem\u00e4\u00df \u00a7 55 Abs. 2 Rundfunkstaatsvertrag (RStV): Erwin LangPaulinenstr. 2771093 Weil im Sch\u00f6nbuchDeutschland Gesellschafter: Erwin Lang und Daniele Cafisso UST-IdNr.: DE328245151<\/p>","protected":false},"author":1,"featured_media":0,"parent":0,"menu_order":0,"comment_status":"closed","ping_status":"closed","template":"","meta":{"_acf_changed":false,"neve_meta_sidebar":"full-width","neve_meta_container":"","neve_meta_enable_content_width":"on","neve_meta_content_width":100,"neve_meta_title_alignment":"","neve_meta_author_avatar":"","neve_post_elements_order":"","neve_meta_disable_header":"","neve_meta_disable_footer":"","neve_meta_disable_title":"","footnotes":""},"class_list":["post-660","page","type-page","status-publish","hentry"],"acf":[],"_links":{"self":[{"href":"https:\/\/www.xn--mhroboter-installation-04b.de\/de_ch\/wp-json\/wp\/v2\/pages\/660","targetHints":{"allow":["GET"]}}],"collection":[{"href":"https:\/\/www.xn--mhroboter-installation-04b.de\/de_ch\/wp-json\/wp\/v2\/pages"}],"about":[{"href":"https:\/\/www.xn--mhroboter-installation-04b.de\/de_ch\/wp-json\/wp\/v2\/types\/page"}],"author":[{"embeddable":true,"href":"https:\/\/www.xn--mhroboter-installation-04b.de\/de_ch\/wp-json\/wp\/v2\/users\/1"}],"replies":[{"embeddable":true,"href":"https:\/\/www.xn--mhroboter-installation-04b.de\/de_ch\/wp-json\/wp\/v2\/comments?post=660"}],"version-history":[{"count":32,"href":"https:\/\/www.xn--mhroboter-installation-04b.de\/de_ch\/wp-json\/wp\/v2\/pages\/660\/revisions"}],"predecessor-version":[{"id":6100,"href":"https:\/\/www.xn--mhroboter-installation-04b.de\/de_ch\/wp-json\/wp\/v2\/pages\/660\/revisions\/6100"}],"wp:attachment":[{"href":"https:\/\/www.xn--mhroboter-installation-04b.de\/de_ch\/wp-json\/wp\/v2\/media?parent=660"}],"curies":[{"name":"wp","href":"https:\/\/api.w.org\/{rel}","templated":true}]}}