{"id":3754,"date":"2023-07-22T13:19:01","date_gmt":"2023-07-22T11:19:01","guid":{"rendered":"https:\/\/xn--mhroboter-installation-04b.de\/?page_id=3754"},"modified":"2024-07-03T14:30:06","modified_gmt":"2024-07-03T12:30:06","slug":"gardena-bestel-succes","status":"publish","type":"page","link":"https:\/\/www.xn--mhroboter-installation-04b.de\/nl\/gardena-bestel-succes\/","title":{"rendered":"Gardena &#8211; Bestellungserfolg"},"content":{"rendered":"<div data-elementor-type=\"wp-page\" data-elementor-id=\"3754\" class=\"elementor elementor-3754\" data-elementor-post-type=\"page\">\n\t\t\t\t\t\t<section class=\"elementor-section elementor-top-section elementor-element elementor-element-ad9e457 elementor-section-boxed elementor-section-height-default elementor-section-height-default\" data-id=\"ad9e457\" data-element_type=\"section\" data-settings=\"{&quot;background_background&quot;:&quot;classic&quot;,&quot;background_motion_fx_motion_fx_mouse&quot;:&quot;yes&quot;,&quot;background_motion_fx_mouseTrack_effect&quot;:&quot;yes&quot;,&quot;background_motion_fx_mouseTrack_speed&quot;:{&quot;unit&quot;:&quot;px&quot;,&quot;size&quot;:0.2,&quot;sizes&quot;:[]}}\">\n\t\t\t\t\t\t<div class=\"elementor-container elementor-column-gap-default\">\n\t\t\t\t\t<div class=\"elementor-column elementor-col-100 elementor-top-column elementor-element elementor-element-f4d2559\" data-id=\"f4d2559\" data-element_type=\"column\">\n\t\t\t<div class=\"elementor-widget-wrap elementor-element-populated\">\n\t\t\t\t\t\t<div class=\"elementor-element elementor-element-95614fd elementor-widget elementor-widget-heading\" data-id=\"95614fd\" data-element_type=\"widget\" data-widget_type=\"heading.default\">\n\t\t\t\t\t<h1 class=\"elementor-heading-title elementor-size-default\">Installationsservice f\u00fcr Ihren Gardena M\u00e4hroboter  - Vielen Dank f\u00fcr Ihre Bestellung<\/h1>\t\t\t\t<\/div>\n\t\t\t\t\t<\/div>\n\t\t<\/div>\n\t\t\t\t\t<\/div>\n\t\t<\/section>\n\t\t\t\t<section class=\"elementor-section elementor-top-section elementor-element elementor-element-6ac2f42 elementor-section-boxed elementor-section-height-default elementor-section-height-default\" data-id=\"6ac2f42\" data-element_type=\"section\">\n\t\t\t\t\t\t<div class=\"elementor-container elementor-column-gap-default\">\n\t\t\t\t\t<div class=\"elementor-column elementor-col-100 elementor-top-column elementor-element elementor-element-b937c2b\" data-id=\"b937c2b\" data-element_type=\"column\">\n\t\t\t<div class=\"elementor-widget-wrap elementor-element-populated\">\n\t\t\t\t\t\t<div class=\"elementor-element elementor-element-0c46890 elementor-widget elementor-widget-html\" data-id=\"0c46890\" data-element_type=\"widget\" data-widget_type=\"html.default\">\n\t\t\t\t\t<script>\ndocument.getElementById(\"header-grid\").style.display = \"none\";\n<\/script>\t\t\t\t<\/div>\n\t\t\t\t<div class=\"elementor-element elementor-element-8810c5a elementor-widget elementor-widget-heading\" data-id=\"8810c5a\" data-element_type=\"widget\" data-widget_type=\"heading.default\">\n\t\t\t\t\t<h2 class=\"elementor-heading-title elementor-size-default\">Wat is het volgende?<\/h2>\t\t\t\t<\/div>\n\t\t\t\t<div class=\"elementor-element elementor-element-b67f6cc elementor-widget elementor-widget-text-editor\" data-id=\"b67f6cc\" data-element_type=\"widget\" data-widget_type=\"text-editor.default\">\n\t\t\t\t\t\t\t\t\t<p>Je ontvangt binnen enkele minuten een orderbevestiging per e-mail en er wordt binnen 48 uur contact met je opgenomen over een afspraak. De orderbevestiging is niet bindend. Laat het ons ten minste drie dagen voor de installatiedatum weten in geval van annulering.<\/p>\n<p>Bitte kontaktieren Sie uns, falls Sie keine Auftragsbest\u00e4tigung erhalten. Senden Sie eine E-Mail an&nbsp;support@maehroboter-installation.de&nbsp;<\/p>\t\t\t\t\t\t\t\t<\/div>\n\t\t\t\t\t<\/div>\n\t\t<\/div>\n\t\t\t\t\t<\/div>\n\t\t<\/section>\n\t\t\t\t<\/div>","protected":false},"excerpt":{"rendered":"<p>Installationsservice f\u00fcr Ihren Gardena M\u00e4hroboter &#8211; Vielen Dank f\u00fcr Ihre Bestellung Wie geht&#8217;s weiter? Sie erhalten innerhalb der n\u00e4chsten Minuten eine Auftragsbest\u00e4tigung per Email und werden innerhalb von 48 Stunden bzgl. eines Termins kontaktiert. Die Auftragsbest\u00e4tigung ist unverbindlich. Geben Sie uns bitte mindestens drei Tage vor dem Installationstermin Bescheid, im Falle einer Stornierung. Bitte kontaktieren&hellip;&nbsp;<a href=\"https:\/\/www.xn--mhroboter-installation-04b.de\/nl\/gardena-bestel-succes\/\" rel=\"bookmark\">Lees verder &amp;raquo;<span class=\"screen-reader-text\">Gardena &#8211; Bestellungserfolg<\/span><\/a><\/p>","protected":false},"author":1,"featured_media":457,"parent":0,"menu_order":0,"comment_status":"closed","ping_status":"closed","template":"page-templates\/template-pagebuilder-full-width.php","meta":{"_acf_changed":false,"neve_meta_sidebar":"full-width","neve_meta_container":"","neve_meta_enable_content_width":"on","neve_meta_content_width":100,"neve_meta_title_alignment":"","neve_meta_author_avatar":"","neve_post_elements_order":"","neve_meta_disable_header":"","neve_meta_disable_footer":"","neve_meta_disable_title":"","footnotes":""},"class_list":["post-3754","page","type-page","status-publish","has-post-thumbnail","hentry"],"acf":[],"_links":{"self":[{"href":"https:\/\/www.xn--mhroboter-installation-04b.de\/nl\/wp-json\/wp\/v2\/pages\/3754","targetHints":{"allow":["GET"]}}],"collection":[{"href":"https:\/\/www.xn--mhroboter-installation-04b.de\/nl\/wp-json\/wp\/v2\/pages"}],"about":[{"href":"https:\/\/www.xn--mhroboter-installation-04b.de\/nl\/wp-json\/wp\/v2\/types\/page"}],"author":[{"embeddable":true,"href":"https:\/\/www.xn--mhroboter-installation-04b.de\/nl\/wp-json\/wp\/v2\/users\/1"}],"replies":[{"embeddable":true,"href":"https:\/\/www.xn--mhroboter-installation-04b.de\/nl\/wp-json\/wp\/v2\/comments?post=3754"}],"version-history":[{"count":12,"href":"https:\/\/www.xn--mhroboter-installation-04b.de\/nl\/wp-json\/wp\/v2\/pages\/3754\/revisions"}],"predecessor-version":[{"id":4092,"href":"https:\/\/www.xn--mhroboter-installation-04b.de\/nl\/wp-json\/wp\/v2\/pages\/3754\/revisions\/4092"}],"wp:featuredmedia":[{"embeddable":true,"href":"https:\/\/www.xn--mhroboter-installation-04b.de\/nl\/wp-json\/wp\/v2\/media\/457"}],"wp:attachment":[{"href":"https:\/\/www.xn--mhroboter-installation-04b.de\/nl\/wp-json\/wp\/v2\/media?parent=3754"}],"curies":[{"name":"wp","href":"https:\/\/api.w.org\/{rel}","templated":true}]}}